{"id":280,"date":"2025-03-14T09:54:59","date_gmt":"2025-03-14T09:54:59","guid":{"rendered":"https:\/\/e-preschool.ziptemplates.top\/?page_id=280"},"modified":"2025-05-30T10:31:16","modified_gmt":"2025-05-30T10:31:16","slug":"contacto","status":"publish","type":"page","link":"https:\/\/carpinterocortesdepelea.com.es\/en\/contacto\/","title":{"rendered":"Contacto"},"content":{"rendered":"<div data-elementor-type=\"wp-page\" data-elementor-id=\"280\" class=\"elementor elementor-280\">\n\t\t\t\t<div class=\"elementor-element elementor-element-33130ed e-flex e-con-boxed e-con e-parent\" data-id=\"33130ed\" data-element_type=\"container\" data-e-type=\"container\" data-settings=\"{&quot;background_background&quot;:&quot;classic&quot;}\">\n\t\t\t\t\t<div class=\"e-con-inner\">\n\t\t\t\t<div class=\"elementor-element elementor-element-ef898ef elementor-widget elementor-widget-heading\" data-id=\"ef898ef\" data-element_type=\"widget\" data-e-type=\"widget\" data-widget_type=\"heading.default\">\n\t\t\t\t<div class=\"elementor-widget-container\">\n\t\t\t\t\t<h1 class=\"elementor-heading-title elementor-size-default\">Ponte en Contacto con Nosotros<\/h1>\t\t\t\t<\/div>\n\t\t\t\t<\/div>\n\t\t\t\t\t<\/div>\n\t\t\t\t<\/div>\n\t\t<div class=\"elementor-element elementor-element-854a30b e-flex e-con-boxed e-con e-parent\" data-id=\"854a30b\" data-element_type=\"container\" data-e-type=\"container\" data-settings=\"{&quot;background_background&quot;:&quot;classic&quot;}\">\n\t\t\t\t\t<div class=\"e-con-inner\">\n\t\t<div class=\"elementor-element elementor-element-afee246 e-con-full e-flex e-con e-child\" data-id=\"afee246\" data-element_type=\"container\" data-e-type=\"container\">\n\t\t<div class=\"elementor-element elementor-element-d263eda e-con-full e-flex e-con e-child\" data-id=\"d263eda\" data-element_type=\"container\" data-e-type=\"container\">\n\t\t<div class=\"elementor-element elementor-element-6399985 e-con-full e-flex e-con e-child\" data-id=\"6399985\" data-element_type=\"container\" data-e-type=\"container\">\n\t\t\t\t<div class=\"elementor-element elementor-element-ef34acd elementor-widget elementor-widget-image-box\" data-id=\"ef34acd\" data-element_type=\"widget\" data-e-type=\"widget\" data-widget_type=\"image-box.default\">\n\t\t\t\t<div class=\"elementor-widget-container\">\n\t\t\t\t\t<div class=\"elementor-image-box-wrapper\"><div class=\"elementor-image-box-content\"><h3 class=\"elementor-image-box-title\">Tel\u00e9fono<\/h3><\/div><\/div>\t\t\t\t<\/div>\n\t\t\t\t<\/div>\n\t\t\t\t<div class=\"elementor-element elementor-element-fb1ab2e elementor-widget elementor-widget-text-editor\" data-id=\"fb1ab2e\" data-element_type=\"widget\" data-e-type=\"widget\" data-widget_type=\"text-editor.default\">\n\t\t\t\t<div class=\"elementor-widget-container\">\n\t\t\t\t\t\t\t\t\t<p><a href=\"tel:609323217\">609 323 217<\/a><\/p>\t\t\t\t\t\t\t\t<\/div>\n\t\t\t\t<\/div>\n\t\t\t\t<\/div>\n\t\t\t\t<\/div>\n\t\t<div class=\"elementor-element elementor-element-9e38dcf e-con-full e-flex e-con e-child\" data-id=\"9e38dcf\" data-element_type=\"container\" data-e-type=\"container\">\n\t\t<div class=\"elementor-element elementor-element-cdb390c e-con-full e-flex e-con e-child\" data-id=\"cdb390c\" data-element_type=\"container\" data-e-type=\"container\">\n\t\t\t\t<div class=\"elementor-element elementor-element-ba46794 elementor-widget elementor-widget-image-box\" data-id=\"ba46794\" data-element_type=\"widget\" data-e-type=\"widget\" data-widget_type=\"image-box.default\">\n\t\t\t\t<div class=\"elementor-widget-container\">\n\t\t\t\t\t<div class=\"elementor-image-box-wrapper\"><div class=\"elementor-image-box-content\"><h3 class=\"elementor-image-box-title\">Direcci\u00f3n<\/h3><\/div><\/div>\t\t\t\t<\/div>\n\t\t\t\t<\/div>\n\t\t\t\t<div class=\"elementor-element elementor-element-068238e elementor-widget elementor-widget-text-editor\" data-id=\"068238e\" data-element_type=\"widget\" data-e-type=\"widget\" data-widget_type=\"text-editor.default\">\n\t\t\t\t<div class=\"elementor-widget-container\">\n\t\t\t\t\t\t\t\t\t<p><a href=\"https:\/\/www.google.es\/maps\/place\/C.+Conquistadores,+32,+06196+Corte+de+Peleas,+Badajoz\/@38.7264803,-6.6722457,17z\/data=!3m1!4b1!4m6!3m5!1s0xd16bea5d79e136d:0xe95c0ffa0c7e7e89!8m2!3d38.7264761!4d-6.6696708!16s%2Fg%2F11csd63l0m?hl=es&amp;entry=ttu&amp;g_ep=EgoyMDI1MDUyNi4wIKXMDSoASAFQAw%3D%3D\">Calle Conquistadores 32, 06196 Corte de Peleas, Badajoz<\/a><\/p>\t\t\t\t\t\t\t\t<\/div>\n\t\t\t\t<\/div>\n\t\t\t\t<\/div>\n\t\t\t\t<\/div>\n\t\t<div class=\"elementor-element elementor-element-9e86813 e-con-full e-flex e-con e-child\" data-id=\"9e86813\" data-element_type=\"container\" data-e-type=\"container\">\n\t\t\t\t<div class=\"elementor-element elementor-element-6984816 elementor-widget elementor-widget-image-box\" data-id=\"6984816\" data-element_type=\"widget\" data-e-type=\"widget\" data-widget_type=\"image-box.default\">\n\t\t\t\t<div class=\"elementor-widget-container\">\n\t\t\t\t\t<div class=\"elementor-image-box-wrapper\"><div class=\"elementor-image-box-content\"><h3 class=\"elementor-image-box-title\">Correo electr\u00f3nico<\/h3><\/div><\/div>\t\t\t\t<\/div>\n\t\t\t\t<\/div>\n\t\t\t\t<div class=\"elementor-element elementor-element-56e82a6 elementor-widget elementor-widget-text-editor\" data-id=\"56e82a6\" data-element_type=\"widget\" data-e-type=\"widget\" data-widget_type=\"text-editor.default\">\n\t\t\t\t<div class=\"elementor-widget-container\">\n\t\t\t\t\t\t\t\t\t<p><a href=\"mailto:car.serrano@hotmail.com\">car.serrano@hotmail.com<\/a><\/p>\t\t\t\t\t\t\t\t<\/div>\n\t\t\t\t<\/div>\n\t\t\t\t<\/div>\n\t\t<div class=\"elementor-element elementor-element-4ebe278 e-con-full e-flex e-con e-child\" data-id=\"4ebe278\" data-element_type=\"container\" data-e-type=\"container\">\n\t\t\t\t<div class=\"elementor-element elementor-element-dfa07ce elementor-widget elementor-widget-image-box\" data-id=\"dfa07ce\" data-element_type=\"widget\" data-e-type=\"widget\" data-widget_type=\"image-box.default\">\n\t\t\t\t<div class=\"elementor-widget-container\">\n\t\t\t\t\t<div class=\"elementor-image-box-wrapper\"><div class=\"elementor-image-box-content\"><h3 class=\"elementor-image-box-title\">S\u00edguenos<\/h3><\/div><\/div>\t\t\t\t<\/div>\n\t\t\t\t<\/div>\n\t\t\t\t<div class=\"elementor-element elementor-element-4d2d655 elementor-icon-list--layout-inline elementor-list-item-link-full_width elementor-widget elementor-widget-icon-list\" data-id=\"4d2d655\" data-element_type=\"widget\" data-e-type=\"widget\" data-widget_type=\"icon-list.default\">\n\t\t\t\t<div class=\"elementor-widget-container\">\n\t\t\t\t\t\t\t<ul class=\"elementor-icon-list-items elementor-inline-items\">\n\t\t\t\t\t\t\t<li class=\"elementor-icon-list-item elementor-inline-item\">\n\t\t\t\t\t\t\t\t\t\t\t<a href=\"https:\/\/www.facebook.com\/carpinteriaserranohijo\">\n\n\t\t\t\t\t\t\t\t\t\t\t\t<span class=\"elementor-icon-list-icon\">\n\t\t\t\t\t\t\t<svg aria-hidden=\"true\" class=\"e-font-icon-svg e-fab-facebook\" viewbox=\"0 0 512 512\" xmlns=\"http:\/\/www.w3.org\/2000\/svg\"><path d=\"M504 256C504 119 393 8 256 8S8 119 8 256c0 123.78 90.69 226.38 209.25 245V327.69h-63V256h63v-54.64c0-62.15 37-96.48 93.67-96.48 27.14 0 55.52 4.84 55.52 4.84v61h-31.28c-30.8 0-40.41 19.12-40.41 38.73V256h68.78l-11 71.69h-57.78V501C413.31 482.38 504 379.78 504 256z\"><\/path><\/svg>\t\t\t\t\t\t<\/span>\n\t\t\t\t\t\t\t\t\t\t<span class=\"elementor-icon-list-text\">Nuestro Facebook<\/span>\n\t\t\t\t\t\t\t\t\t\t\t<\/a>\n\t\t\t\t\t\t\t\t\t<\/li>\n\t\t\t\t\t\t<\/ul>\n\t\t\t\t\t\t<\/div>\n\t\t\t\t<\/div>\n\t\t\t\t<\/div>\n\t\t\t\t<\/div>\n\t\t<div class=\"elementor-element elementor-element-7bbea0c e-con-full e-flex e-con e-child\" data-id=\"7bbea0c\" data-element_type=\"container\" data-e-type=\"container\">\n\t\t\t\t<div class=\"elementor-element elementor-element-a015b19 elementor-widget elementor-widget-image\" data-id=\"a015b19\" data-element_type=\"widget\" data-e-type=\"widget\" data-widget_type=\"image.default\">\n\t\t\t\t<div class=\"elementor-widget-container\">\n\t\t\t\t\t\t\t\t\t\t\t\t\t\t\t<img fetchpriority=\"high\" decoding=\"async\" width=\"485\" height=\"1024\" src=\"https:\/\/carpinterocortesdepelea.com.es\/wp-content\/uploads\/2025\/05\/86698373_2641534609408295_2162959510384148480_n-485x1024.jpg\" class=\"attachment-large size-large wp-image-1125\" alt=\"\" srcset=\"https:\/\/carpinterocortesdepelea.com.es\/wp-content\/uploads\/2025\/05\/86698373_2641534609408295_2162959510384148480_n-485x1024.jpg 485w, https:\/\/carpinterocortesdepelea.com.es\/wp-content\/uploads\/2025\/05\/86698373_2641534609408295_2162959510384148480_n-142x300.jpg 142w, https:\/\/carpinterocortesdepelea.com.es\/wp-content\/uploads\/2025\/05\/86698373_2641534609408295_2162959510384148480_n.jpg 640w\" sizes=\"(max-width: 485px) 100vw, 485px\" \/>\t\t\t\t\t\t\t\t\t\t\t\t\t\t\t<\/div>\n\t\t\t\t<\/div>\n\t\t\t\t<\/div>\n\t\t\t\t\t<\/div>\n\t\t\t\t<\/div>\n\t\t<div class=\"elementor-element elementor-element-8d09401 e-flex e-con-boxed e-con e-parent\" data-id=\"8d09401\" data-element_type=\"container\" data-e-type=\"container\" data-settings=\"{&quot;background_background&quot;:&quot;classic&quot;}\">\n\t\t\t\t\t<div class=\"e-con-inner\">\n\t\t<div class=\"elementor-element elementor-element-b048ffd e-con-full e-flex e-con e-child\" data-id=\"b048ffd\" data-element_type=\"container\" data-e-type=\"container\" data-settings=\"{&quot;background_background&quot;:&quot;classic&quot;}\">\n\t\t\t\t<div class=\"elementor-element elementor-element-b99ba50 elementor-widget elementor-widget-heading\" data-id=\"b99ba50\" data-element_type=\"widget\" data-e-type=\"widget\" data-widget_type=\"heading.default\">\n\t\t\t\t<div class=\"elementor-widget-container\">\n\t\t\t\t\t<h2 class=\"elementor-heading-title elementor-size-default\">Con\u00e9ctate con Nosotros<\/h2>\t\t\t\t<\/div>\n\t\t\t\t<\/div>\n\t\t\t\t<div class=\"elementor-element elementor-element-4475ea9 elementor-widget elementor-widget-image-box\" data-id=\"4475ea9\" data-element_type=\"widget\" data-e-type=\"widget\" data-widget_type=\"image-box.default\">\n\t\t\t\t<div class=\"elementor-widget-container\">\n\t\t\t\t\t<div class=\"elementor-image-box-wrapper\"><div class=\"elementor-image-box-content\"><h2 class=\"elementor-image-box-title\">Estamos Aqu\u00ed para Ayudarte<\/h2><p class=\"elementor-image-box-description\">Cont\u00e1ctanos hoy mismo para obtener tu presupuesto personalizado y descubre lo que podemos hacer por ti.<\/p><\/div><\/div>\t\t\t\t<\/div>\n\t\t\t\t<\/div>\n\t\t\t\t<div class=\"elementor-element elementor-element-124621d elementor-align-center elementor-widget elementor-widget-button\" data-id=\"124621d\" data-element_type=\"widget\" data-e-type=\"widget\" data-widget_type=\"button.default\">\n\t\t\t\t<div class=\"elementor-widget-container\">\n\t\t\t\t\t\t\t\t\t<div class=\"elementor-button-wrapper\">\n\t\t\t\t\t<a class=\"elementor-button elementor-button-link elementor-size-sm\" href=\"\/en\/contact\/\">\n\t\t\t\t\t\t<span class=\"elementor-button-content-wrapper\">\n\t\t\t\t\t\t\t\t\t<span class=\"elementor-button-text\">Solicitar Presupuesto<\/span>\n\t\t\t\t\t<\/span>\n\t\t\t\t\t<\/a>\n\t\t\t\t<\/div>\n\t\t\t\t\t\t\t\t<\/div>\n\t\t\t\t<\/div>\n\t\t\t\t<\/div>\n\t\t\t\t\t<\/div>\n\t\t\t\t<\/div>\n\t\t\t\t<\/div>","protected":false},"excerpt":{"rendered":"<p>Ponte en Contacto con Nosotros Tel\u00e9fono 609 323 217 Direcci\u00f3n Calle Conquistadores 32, 06196 Corte de Peleas, Badajoz Correo electr\u00f3nico [&hellip;]<\/p>","protected":false},"author":2,"featured_media":0,"parent":0,"menu_order":0,"comment_status":"closed","ping_status":"closed","template":"","meta":{"site-sidebar-layout":"no-sidebar","site-content-layout":"","ast-site-content-layout":"full-width-container","site-content-style":"unboxed","site-sidebar-style":"unboxed","ast-global-header-display":"","ast-banner-title-visibility":"","ast-main-header-display":"","ast-hfb-above-header-display":"","ast-hfb-below-header-display":"","ast-hfb-mobile-header-display":"","site-post-title":"disabled","ast-breadcrumbs-content":"","ast-featured-img":"disabled","footer-sml-layout":"","theme-transparent-header-meta":"","adv-header-id-meta":"","stick-header-meta":"","header-above-stick-meta":"","header-main-stick-meta":"","header-below-stick-meta":"","astra-migrate-meta-layouts":"default","ast-page-background-enabled":"default","ast-page-background-meta":{"desktop":{"background-color":"var(--ast-global-color-5)","background-image":"","background-repeat":"repeat","background-position":"center center","background-size":"auto","background-attachment":"scroll","background-type":"","background-media":"","overlay-type":"","overlay-color":"","overlay-opacity":"","overlay-gradient":""},"tablet":{"background-color":"","background-image":"","background-repeat":"repeat","background-position":"center center","background-size":"auto","background-attachment":"scroll","background-type":"","background-media":"","overlay-type":"","overlay-color":"","overlay-opacity":"","overlay-gradient":""},"mobile":{"background-color":"","background-image":"","background-repeat":"repeat","background-position":"center center","background-size":"auto","background-attachment":"scroll","background-type":"","background-media":"","overlay-type":"","overlay-color":"","overlay-opacity":"","overlay-gradient":""}},"ast-content-background-meta":{"desktop":{"background-color":"var(--ast-global-color-4)","background-image":"","background-repeat":"repeat","background-position":"center center","background-size":"auto","background-attachment":"scroll","background-type":"","background-media":"","overlay-type":"","overlay-color":"","overlay-opacity":"","overlay-gradient":""},"tablet":{"background-color":"var(--ast-global-color-4)","background-image":"","background-repeat":"repeat","background-position":"center center","background-size":"auto","background-attachment":"scroll","background-type":"","background-media":"","overlay-type":"","overlay-color":"","overlay-opacity":"","overlay-gradient":""},"mobile":{"background-color":"var(--ast-global-color-4)","background-image":"","background-repeat":"repeat","background-position":"center center","background-size":"auto","background-attachment":"scroll","background-type":"","background-media":"","overlay-type":"","overlay-color":"","overlay-opacity":"","overlay-gradient":""}},"footnotes":""},"class_list":["post-280","page","type-page","status-publish","hentry"],"yoast_head":"<!-- This site is optimized with the Yoast SEO plugin v25.2 - https:\/\/yoast.com\/wordpress\/plugins\/seo\/ -->\n<title>Contacto | Carpinter\u00eda Serrano Hijo (Cortes de Pelea, Badajoz)<\/title>\n<meta name=\"description\" content=\"\u00bfBuscas un carpintero en Badajoz? Escr\u00edbenos a car.serrano@hotmail.com o ll\u00e1manos al 609 323 217. Carpinter\u00eda a medida en Cortes de Pelea.\" \/>\n<meta name=\"robots\" content=\"index, follow, max-snippet:-1, max-image-preview:large, max-video-preview:-1\" \/>\n<link rel=\"canonical\" href=\"https:\/\/carpinterocortesdepelea.com.es\/en\/contacto\/\" \/>\n<meta property=\"og:locale\" content=\"en_US\" \/>\n<meta property=\"og:type\" content=\"article\" \/>\n<meta property=\"og:title\" content=\"Contacto | Carpinter\u00eda Serrano Hijo (Cortes de Pelea, Badajoz)\" \/>\n<meta property=\"og:description\" content=\"\u00bfBuscas un carpintero en Badajoz? Escr\u00edbenos a car.serrano@hotmail.com o ll\u00e1manos al 609 323 217. Carpinter\u00eda a medida en Cortes de Pelea.\" \/>\n<meta property=\"og:url\" content=\"https:\/\/carpinterocortesdepelea.com.es\/en\/contacto\/\" \/>\n<meta property=\"og:site_name\" content=\"CARPINTER\u00cdA Serrano Hijo\" \/>\n<meta property=\"article:modified_time\" content=\"2025-05-30T10:31:16+00:00\" \/>\n<meta property=\"og:image\" content=\"https:\/\/carpinterocortesdepelea.com.es\/wp-content\/uploads\/2025\/05\/86698373_2641534609408295_2162959510384148480_n.jpg\" \/>\n\t<meta property=\"og:image:width\" content=\"640\" \/>\n\t<meta property=\"og:image:height\" content=\"1350\" \/>\n\t<meta property=\"og:image:type\" content=\"image\/jpeg\" \/>\n<meta name=\"twitter:card\" content=\"summary_large_image\" \/>\n<meta name=\"twitter:label1\" content=\"Est. reading time\" \/>\n\t<meta name=\"twitter:data1\" content=\"1 minute\" \/>\n<script type=\"application\/ld+json\" class=\"yoast-schema-graph\">{\"@context\":\"https:\/\/schema.org\",\"@graph\":[{\"@type\":\"WebPage\",\"@id\":\"https:\/\/carpinterocortesdepelea.com.es\/contacto\/\",\"url\":\"https:\/\/carpinterocortesdepelea.com.es\/contacto\/\",\"name\":\"Contacto | Carpinter\u00eda Serrano Hijo (Cortes de Pelea, Badajoz)\",\"isPartOf\":{\"@id\":\"https:\/\/carpinterocortesdepelea.com.es\/#website\"},\"primaryImageOfPage\":{\"@id\":\"https:\/\/carpinterocortesdepelea.com.es\/contacto\/#primaryimage\"},\"image\":{\"@id\":\"https:\/\/carpinterocortesdepelea.com.es\/contacto\/#primaryimage\"},\"thumbnailUrl\":\"https:\/\/carpinterocortesdepelea.com.es\/wp-content\/uploads\/2025\/05\/86698373_2641534609408295_2162959510384148480_n-485x1024.jpg\",\"datePublished\":\"2025-03-14T09:54:59+00:00\",\"dateModified\":\"2025-05-30T10:31:16+00:00\",\"description\":\"\u00bfBuscas un carpintero en Badajoz? Escr\u00edbenos a car.serrano@hotmail.com o ll\u00e1manos al 609 323 217. Carpinter\u00eda a medida en Cortes de Pelea.\",\"breadcrumb\":{\"@id\":\"https:\/\/carpinterocortesdepelea.com.es\/contacto\/#breadcrumb\"},\"inLanguage\":\"en-US\",\"potentialAction\":[{\"@type\":\"ReadAction\",\"target\":[\"https:\/\/carpinterocortesdepelea.com.es\/contacto\/\"]}]},{\"@type\":\"ImageObject\",\"inLanguage\":\"en-US\",\"@id\":\"https:\/\/carpinterocortesdepelea.com.es\/contacto\/#primaryimage\",\"url\":\"https:\/\/carpinterocortesdepelea.com.es\/wp-content\/uploads\/2025\/05\/86698373_2641534609408295_2162959510384148480_n-485x1024.jpg\",\"contentUrl\":\"https:\/\/carpinterocortesdepelea.com.es\/wp-content\/uploads\/2025\/05\/86698373_2641534609408295_2162959510384148480_n-485x1024.jpg\"},{\"@type\":\"BreadcrumbList\",\"@id\":\"https:\/\/carpinterocortesdepelea.com.es\/contacto\/#breadcrumb\",\"itemListElement\":[{\"@type\":\"ListItem\",\"position\":1,\"name\":\"Portada\",\"item\":\"https:\/\/carpinterocortesdepelea.com.es\/\"},{\"@type\":\"ListItem\",\"position\":2,\"name\":\"Contacto\"}]},{\"@type\":\"WebSite\",\"@id\":\"https:\/\/carpinterocortesdepelea.com.es\/#website\",\"url\":\"https:\/\/carpinterocortesdepelea.com.es\/\",\"name\":\"CARPINTER\u00cdA Serrano Hijo\",\"description\":\"\",\"potentialAction\":[{\"@type\":\"SearchAction\",\"target\":{\"@type\":\"EntryPoint\",\"urlTemplate\":\"https:\/\/carpinterocortesdepelea.com.es\/?s={search_term_string}\"},\"query-input\":{\"@type\":\"PropertyValueSpecification\",\"valueRequired\":true,\"valueName\":\"search_term_string\"}}],\"inLanguage\":\"en-US\"}]}<\/script>\n<!-- \/ Yoast SEO plugin. -->","yoast_head_json":{"title":"Contacto | Carpinter\u00eda Serrano Hijo (Cortes de Pelea, Badajoz)","description":"\u00bfBuscas un carpintero en Badajoz? Escr\u00edbenos a car.serrano@hotmail.com o ll\u00e1manos al 609 323 217. Carpinter\u00eda a medida en Cortes de Pelea.","robots":{"index":"index","follow":"follow","max-snippet":"max-snippet:-1","max-image-preview":"max-image-preview:large","max-video-preview":"max-video-preview:-1"},"canonical":"https:\/\/carpinterocortesdepelea.com.es\/en\/contacto\/","og_locale":"en_US","og_type":"article","og_title":"Contacto | Carpinter\u00eda Serrano Hijo (Cortes de Pelea, Badajoz)","og_description":"\u00bfBuscas un carpintero en Badajoz? Escr\u00edbenos a car.serrano@hotmail.com o ll\u00e1manos al 609 323 217. Carpinter\u00eda a medida en Cortes de Pelea.","og_url":"https:\/\/carpinterocortesdepelea.com.es\/en\/contacto\/","og_site_name":"CARPINTER\u00cdA Serrano Hijo","article_modified_time":"2025-05-30T10:31:16+00:00","og_image":[{"width":640,"height":1350,"url":"https:\/\/carpinterocortesdepelea.com.es\/wp-content\/uploads\/2025\/05\/86698373_2641534609408295_2162959510384148480_n.jpg","type":"image\/jpeg"}],"twitter_card":"summary_large_image","twitter_misc":{"Est. reading time":"1 minute"},"schema":{"@context":"https:\/\/schema.org","@graph":[{"@type":"WebPage","@id":"https:\/\/carpinterocortesdepelea.com.es\/contacto\/","url":"https:\/\/carpinterocortesdepelea.com.es\/contacto\/","name":"Contacto | Carpinter\u00eda Serrano Hijo (Cortes de Pelea, Badajoz)","isPartOf":{"@id":"https:\/\/carpinterocortesdepelea.com.es\/#website"},"primaryImageOfPage":{"@id":"https:\/\/carpinterocortesdepelea.com.es\/contacto\/#primaryimage"},"image":{"@id":"https:\/\/carpinterocortesdepelea.com.es\/contacto\/#primaryimage"},"thumbnailUrl":"https:\/\/carpinterocortesdepelea.com.es\/wp-content\/uploads\/2025\/05\/86698373_2641534609408295_2162959510384148480_n-485x1024.jpg","datePublished":"2025-03-14T09:54:59+00:00","dateModified":"2025-05-30T10:31:16+00:00","description":"\u00bfBuscas un carpintero en Badajoz? Escr\u00edbenos a car.serrano@hotmail.com o ll\u00e1manos al 609 323 217. Carpinter\u00eda a medida en Cortes de Pelea.","breadcrumb":{"@id":"https:\/\/carpinterocortesdepelea.com.es\/contacto\/#breadcrumb"},"inLanguage":"en-US","potentialAction":[{"@type":"ReadAction","target":["https:\/\/carpinterocortesdepelea.com.es\/contacto\/"]}]},{"@type":"ImageObject","inLanguage":"en-US","@id":"https:\/\/carpinterocortesdepelea.com.es\/contacto\/#primaryimage","url":"https:\/\/carpinterocortesdepelea.com.es\/wp-content\/uploads\/2025\/05\/86698373_2641534609408295_2162959510384148480_n-485x1024.jpg","contentUrl":"https:\/\/carpinterocortesdepelea.com.es\/wp-content\/uploads\/2025\/05\/86698373_2641534609408295_2162959510384148480_n-485x1024.jpg"},{"@type":"BreadcrumbList","@id":"https:\/\/carpinterocortesdepelea.com.es\/contacto\/#breadcrumb","itemListElement":[{"@type":"ListItem","position":1,"name":"Portada","item":"https:\/\/carpinterocortesdepelea.com.es\/"},{"@type":"ListItem","position":2,"name":"Contacto"}]},{"@type":"WebSite","@id":"https:\/\/carpinterocortesdepelea.com.es\/#website","url":"https:\/\/carpinterocortesdepelea.com.es\/","name":"CARPINTER\u00cdA Serrano Hijo","description":"","potentialAction":[{"@type":"SearchAction","target":{"@type":"EntryPoint","urlTemplate":"https:\/\/carpinterocortesdepelea.com.es\/?s={search_term_string}"},"query-input":{"@type":"PropertyValueSpecification","valueRequired":true,"valueName":"search_term_string"}}],"inLanguage":"en-US"}]}},"_links":{"self":[{"href":"https:\/\/carpinterocortesdepelea.com.es\/en\/wp-json\/wp\/v2\/pages\/280","targetHints":{"allow":["GET"]}}],"collection":[{"href":"https:\/\/carpinterocortesdepelea.com.es\/en\/wp-json\/wp\/v2\/pages"}],"about":[{"href":"https:\/\/carpinterocortesdepelea.com.es\/en\/wp-json\/wp\/v2\/types\/page"}],"author":[{"embeddable":true,"href":"https:\/\/carpinterocortesdepelea.com.es\/en\/wp-json\/wp\/v2\/users\/2"}],"replies":[{"embeddable":true,"href":"https:\/\/carpinterocortesdepelea.com.es\/en\/wp-json\/wp\/v2\/comments?post=280"}],"version-history":[{"count":10,"href":"https:\/\/carpinterocortesdepelea.com.es\/en\/wp-json\/wp\/v2\/pages\/280\/revisions"}],"predecessor-version":[{"id":1253,"href":"https:\/\/carpinterocortesdepelea.com.es\/en\/wp-json\/wp\/v2\/pages\/280\/revisions\/1253"}],"wp:attachment":[{"href":"https:\/\/carpinterocortesdepelea.com.es\/en\/wp-json\/wp\/v2\/media?parent=280"}],"curies":[{"name":"wp","href":"https:\/\/api.w.org\/{rel}","templated":true}]}}