{"id":276,"date":"2025-03-14T09:53:42","date_gmt":"2025-03-14T09:53:42","guid":{"rendered":"https:\/\/e-preschool.ziptemplates.top\/?page_id=276"},"modified":"2025-05-29T10:18:07","modified_gmt":"2025-05-29T10:18:07","slug":"sobre-nosotros","status":"publish","type":"page","link":"https:\/\/carpinterocortesdepelea.com.es\/en\/sobre-nosotros\/","title":{"rendered":"Sobre Nosotros"},"content":{"rendered":"<div data-elementor-type=\"wp-page\" data-elementor-id=\"276\" class=\"elementor elementor-276\">\n\t\t\t\t<div class=\"elementor-element elementor-element-b1aa83c e-flex e-con-boxed e-con e-parent\" data-id=\"b1aa83c\" data-element_type=\"container\" data-e-type=\"container\" data-settings=\"{&quot;background_background&quot;:&quot;classic&quot;}\">\n\t\t\t\t\t<div class=\"e-con-inner\">\n\t\t\t\t<div class=\"elementor-element elementor-element-0f77776 elementor-widget elementor-widget-heading\" data-id=\"0f77776\" data-element_type=\"widget\" data-e-type=\"widget\" data-widget_type=\"heading.default\">\n\t\t\t\t<div class=\"elementor-widget-container\">\n\t\t\t\t\t<h1 class=\"elementor-heading-title elementor-size-default\">Sobre Nosotros<\/h1>\t\t\t\t<\/div>\n\t\t\t\t<\/div>\n\t\t\t\t\t<\/div>\n\t\t\t\t<\/div>\n\t\t<div class=\"elementor-element elementor-element-6ddbc64 e-flex e-con-boxed e-con e-parent\" data-id=\"6ddbc64\" data-element_type=\"container\" data-e-type=\"container\" data-settings=\"{&quot;background_background&quot;:&quot;classic&quot;}\">\n\t\t\t\t\t<div class=\"e-con-inner\">\n\t\t<div class=\"elementor-element elementor-element-e5212f9 e-con-full e-flex e-con e-child\" data-id=\"e5212f9\" data-element_type=\"container\" data-e-type=\"container\">\n\t\t\t\t<div class=\"elementor-element elementor-element-6a3d2fa elementor-widget elementor-widget-image-box\" data-id=\"6a3d2fa\" data-element_type=\"widget\" data-e-type=\"widget\" data-widget_type=\"image-box.default\">\n\t\t\t\t<div class=\"elementor-widget-container\">\n\t\t\t\t\t<div class=\"elementor-image-box-wrapper\"><div class=\"elementor-image-box-content\"><h2 class=\"elementor-image-box-title\">Tradici\u00f3n y Pasi\u00f3n por la Carpinter\u00eda<\/h2><p class=\"elementor-image-box-description\">Carpinter\u00eda Serrano Hijo es un negocio familiar con una larga trayectoria en el mundo de la carpinter\u00eda. Nuestra filosof\u00eda se basa en el trabajo honesto, la atenci\u00f3n al detalle y el compromiso con cada cliente.<\/p><\/div><\/div>\t\t\t\t<\/div>\n\t\t\t\t<\/div>\n\t\t\t\t<div class=\"elementor-element elementor-element-189bc9c elementor-widget elementor-widget-text-editor\" data-id=\"189bc9c\" data-element_type=\"widget\" data-e-type=\"widget\" data-widget_type=\"text-editor.default\">\n\t\t\t\t<div class=\"elementor-widget-container\">\n\t\t\t\t\t\t\t\t\t<p>A lo largo de los a\u00f1os hemos trabajado con particulares, empresas y profesionales que buscan soluciones pr\u00e1cticas y duraderas sin renunciar al dise\u00f1o y a la calidad.<\/p>\t\t\t\t\t\t\t\t<\/div>\n\t\t\t\t<\/div>\n\t\t\t\t<div class=\"elementor-element elementor-element-44ab5d4 elementor-widget elementor-widget-text-editor\" data-id=\"44ab5d4\" data-element_type=\"widget\" data-e-type=\"widget\" data-widget_type=\"text-editor.default\">\n\t\t\t\t<div class=\"elementor-widget-container\">\n\t\t\t\t\t\t\t\t\t<p>Con cada proyecto, buscamos no solo cumplir con tus expectativas, sino superarlas. Somos cercanos, accesibles y estamos siempre disponibles para asesorarte con profesionalidad.<\/p>\t\t\t\t\t\t\t\t<\/div>\n\t\t\t\t<\/div>\n\t\t\t\t<\/div>\n\t\t<div class=\"elementor-element elementor-element-4cfde6c e-con-full e-flex e-con e-child\" data-id=\"4cfde6c\" data-element_type=\"container\" data-e-type=\"container\">\n\t\t\t\t<div class=\"elementor-element elementor-element-69bfd0d elementor-widget elementor-widget-image\" data-id=\"69bfd0d\" data-element_type=\"widget\" data-e-type=\"widget\" data-widget_type=\"image.default\">\n\t\t\t\t<div class=\"elementor-widget-container\">\n\t\t\t\t\t\t\t\t\t\t\t\t\t\t\t<img fetchpriority=\"high\" decoding=\"async\" width=\"883\" height=\"670\" src=\"https:\/\/carpinterocortesdepelea.com.es\/wp-content\/uploads\/2025\/05\/173211441-3016070628621356-1192027020417706221-n-e1748442785156.jpg\" class=\"attachment-full size-full wp-image-1112\" alt=\"173211441-3016070628621356-1192027020417706221-n\" srcset=\"https:\/\/carpinterocortesdepelea.com.es\/wp-content\/uploads\/2025\/05\/173211441-3016070628621356-1192027020417706221-n-e1748442785156.jpg 883w, https:\/\/carpinterocortesdepelea.com.es\/wp-content\/uploads\/2025\/05\/173211441-3016070628621356-1192027020417706221-n-e1748442785156-300x228.jpg 300w, https:\/\/carpinterocortesdepelea.com.es\/wp-content\/uploads\/2025\/05\/173211441-3016070628621356-1192027020417706221-n-e1748442785156-768x583.jpg 768w\" sizes=\"(max-width: 883px) 100vw, 883px\" \/>\t\t\t\t\t\t\t\t\t\t\t\t\t\t\t<\/div>\n\t\t\t\t<\/div>\n\t\t\t\t<\/div>\n\t\t\t\t\t<\/div>\n\t\t\t\t<\/div>\n\t\t<div class=\"elementor-element elementor-element-20f016d e-flex e-con-boxed e-con e-parent\" data-id=\"20f016d\" data-element_type=\"container\" data-e-type=\"container\" data-settings=\"{&quot;background_background&quot;:&quot;classic&quot;}\">\n\t\t\t\t\t<div class=\"e-con-inner\">\n\t\t\t\t<div class=\"elementor-element elementor-element-e4e1196 elementor-widget elementor-widget-heading\" data-id=\"e4e1196\" data-element_type=\"widget\" data-e-type=\"widget\" data-widget_type=\"heading.default\">\n\t\t\t\t<div class=\"elementor-widget-container\">\n\t\t\t\t\t<p class=\"elementor-heading-title elementor-size-default\">Lo Que Nos Hace \u00danicos<\/p>\t\t\t\t<\/div>\n\t\t\t\t<\/div>\n\t\t\t\t<div class=\"elementor-element elementor-element-62945f4 elementor-widget elementor-widget-heading\" data-id=\"62945f4\" data-element_type=\"widget\" data-e-type=\"widget\" data-widget_type=\"heading.default\">\n\t\t\t\t<div class=\"elementor-widget-container\">\n\t\t\t\t\t<h2 class=\"elementor-heading-title elementor-size-default\">Dedicaci\u00f3n, Calidad y un Servicio Personalizado<\/h2>\t\t\t\t<\/div>\n\t\t\t\t<\/div>\n\t\t<div class=\"elementor-element elementor-element-0d13041 e-con-full e-flex e-con e-child\" data-id=\"0d13041\" data-element_type=\"container\" data-e-type=\"container\">\n\t\t<div class=\"elementor-element elementor-element-969f3dd e-con-full e-flex e-con e-child\" data-id=\"969f3dd\" data-element_type=\"container\" data-e-type=\"container\">\n\t\t\t\t<div class=\"elementor-element elementor-element-c6dec5f elementor-widget elementor-widget-heading\" data-id=\"c6dec5f\" data-element_type=\"widget\" data-e-type=\"widget\" data-widget_type=\"heading.default\">\n\t\t\t\t<div class=\"elementor-widget-container\">\n\t\t\t\t\t<p class=\"elementor-heading-title elementor-size-default\">01<\/p>\t\t\t\t<\/div>\n\t\t\t\t<\/div>\n\t\t\t\t<div class=\"elementor-element elementor-element-d4907b0 elementor-widget elementor-widget-image-box\" data-id=\"d4907b0\" data-element_type=\"widget\" data-e-type=\"widget\" data-widget_type=\"image-box.default\">\n\t\t\t\t<div class=\"elementor-widget-container\">\n\t\t\t\t\t<div class=\"elementor-image-box-wrapper\"><div class=\"elementor-image-box-content\"><h3 class=\"elementor-image-box-title\">Trabajo Personalizado<\/h3><p class=\"elementor-image-box-description\">Cada proyecto es \u00fanico y lo adaptamos a las necesidades espec\u00edficas de nuestros clientes, garantizando su satisfacci\u00f3n con el resultado final.<\/p><\/div><\/div>\t\t\t\t<\/div>\n\t\t\t\t<\/div>\n\t\t\t\t<\/div>\n\t\t<div class=\"elementor-element elementor-element-58459e9 e-con-full e-flex e-con e-child\" data-id=\"58459e9\" data-element_type=\"container\" data-e-type=\"container\">\n\t\t\t\t<div class=\"elementor-element elementor-element-9a16ea2 elementor-widget elementor-widget-heading\" data-id=\"9a16ea2\" data-element_type=\"widget\" data-e-type=\"widget\" data-widget_type=\"heading.default\">\n\t\t\t\t<div class=\"elementor-widget-container\">\n\t\t\t\t\t<p class=\"elementor-heading-title elementor-size-default\">02<\/p>\t\t\t\t<\/div>\n\t\t\t\t<\/div>\n\t\t\t\t<div class=\"elementor-element elementor-element-32b5c5e elementor-widget elementor-widget-image-box\" data-id=\"32b5c5e\" data-element_type=\"widget\" data-e-type=\"widget\" data-widget_type=\"image-box.default\">\n\t\t\t\t<div class=\"elementor-widget-container\">\n\t\t\t\t\t<div class=\"elementor-image-box-wrapper\"><div class=\"elementor-image-box-content\"><h3 class=\"elementor-image-box-title\">Materiales de Calidad<\/h3><p class=\"elementor-image-box-description\">Utilizamos solo madera de la mejor calidad para asegurar que nuestros productos sean duraderos y est\u00e9ticamente agradables, cumpliendo con los m\u00e1s altos est\u00e1ndares.<\/p><\/div><\/div>\t\t\t\t<\/div>\n\t\t\t\t<\/div>\n\t\t\t\t<\/div>\n\t\t<div class=\"elementor-element elementor-element-d8b3bee e-con-full e-flex e-con e-child\" data-id=\"d8b3bee\" data-element_type=\"container\" data-e-type=\"container\">\n\t\t\t\t<div class=\"elementor-element elementor-element-158821f elementor-widget elementor-widget-heading\" data-id=\"158821f\" data-element_type=\"widget\" data-e-type=\"widget\" data-widget_type=\"heading.default\">\n\t\t\t\t<div class=\"elementor-widget-container\">\n\t\t\t\t\t<p class=\"elementor-heading-title elementor-size-default\">03<\/p>\t\t\t\t<\/div>\n\t\t\t\t<\/div>\n\t\t\t\t<div class=\"elementor-element elementor-element-b828b6e elementor-widget elementor-widget-image-box\" data-id=\"b828b6e\" data-element_type=\"widget\" data-e-type=\"widget\" data-widget_type=\"image-box.default\">\n\t\t\t\t<div class=\"elementor-widget-container\">\n\t\t\t\t\t<div class=\"elementor-image-box-wrapper\"><div class=\"elementor-image-box-content\"><h3 class=\"elementor-image-box-title\">Atenci\u00f3n al Cliente Cercana<\/h3><p class=\"elementor-image-box-description\">Nos aseguramos de que nuestros clientes se sientan valorados y escuchados durante todo el proceso de fabricaci\u00f3n e instalaci\u00f3n, creando una relaci\u00f3n de confianza.<\/p><\/div><\/div>\t\t\t\t<\/div>\n\t\t\t\t<\/div>\n\t\t\t\t<\/div>\n\t\t\t\t<\/div>\n\t\t\t\t\t<\/div>\n\t\t\t\t<\/div>\n\t\t<div class=\"elementor-element elementor-element-aeb7971 e-flex e-con-boxed e-con e-parent\" data-id=\"aeb7971\" data-element_type=\"container\" data-e-type=\"container\" data-settings=\"{&quot;background_background&quot;:&quot;classic&quot;}\">\n\t\t\t\t\t<div class=\"e-con-inner\">\n\t\t<div class=\"elementor-element elementor-element-4771a2f e-con-full e-flex e-con e-child\" data-id=\"4771a2f\" data-element_type=\"container\" data-e-type=\"container\" data-settings=\"{&quot;background_background&quot;:&quot;classic&quot;}\">\n\t\t\t\t<div class=\"elementor-element elementor-element-e783861 elementor-widget elementor-widget-heading\" data-id=\"e783861\" data-element_type=\"widget\" data-e-type=\"widget\" data-widget_type=\"heading.default\">\n\t\t\t\t<div class=\"elementor-widget-container\">\n\t\t\t\t\t<p class=\"elementor-heading-title elementor-size-default\">Con\u00e9ctate con Nosotros<\/p>\t\t\t\t<\/div>\n\t\t\t\t<\/div>\n\t\t\t\t<div class=\"elementor-element elementor-element-46b7c9c elementor-widget elementor-widget-image-box\" data-id=\"46b7c9c\" data-element_type=\"widget\" data-e-type=\"widget\" data-widget_type=\"image-box.default\">\n\t\t\t\t<div class=\"elementor-widget-container\">\n\t\t\t\t\t<div class=\"elementor-image-box-wrapper\"><div class=\"elementor-image-box-content\"><h2 class=\"elementor-image-box-title\">Estamos Aqu\u00ed para Ayudarte<\/h2><p class=\"elementor-image-box-description\">Cont\u00e1ctanos hoy mismo para obtener tu presupuesto personalizado y descubre lo que podemos hacer por ti.<\/p><\/div><\/div>\t\t\t\t<\/div>\n\t\t\t\t<\/div>\n\t\t\t\t<div class=\"elementor-element elementor-element-d16c4ae elementor-align-center elementor-widget elementor-widget-button\" data-id=\"d16c4ae\" data-element_type=\"widget\" data-e-type=\"widget\" data-widget_type=\"button.default\">\n\t\t\t\t<div class=\"elementor-widget-container\">\n\t\t\t\t\t\t\t\t\t<div class=\"elementor-button-wrapper\">\n\t\t\t\t\t<a class=\"elementor-button elementor-button-link elementor-size-sm\" href=\"\/en\/contact\/\">\n\t\t\t\t\t\t<span class=\"elementor-button-content-wrapper\">\n\t\t\t\t\t\t\t\t\t<span class=\"elementor-button-text\">Solicitar Presupuesto<\/span>\n\t\t\t\t\t<\/span>\n\t\t\t\t\t<\/a>\n\t\t\t\t<\/div>\n\t\t\t\t\t\t\t\t<\/div>\n\t\t\t\t<\/div>\n\t\t\t\t<\/div>\n\t\t\t\t\t<\/div>\n\t\t\t\t<\/div>\n\t\t\t\t<\/div>","protected":false},"excerpt":{"rendered":"<p>Sobre Nosotros Tradici\u00f3n y Pasi\u00f3n por la Carpinter\u00eda Carpinter\u00eda Serrano Hijo es un negocio familiar con una larga trayectoria en [&hellip;]<\/p>","protected":false},"author":2,"featured_media":0,"parent":0,"menu_order":0,"comment_status":"closed","ping_status":"closed","template":"","meta":{"site-sidebar-layout":"no-sidebar","site-content-layout":"","ast-site-content-layout":"full-width-container","site-content-style":"unboxed","site-sidebar-style":"unboxed","ast-global-header-display":"","ast-banner-title-visibility":"","ast-main-header-display":"","ast-hfb-above-header-display":"","ast-hfb-below-header-display":"","ast-hfb-mobile-header-display":"","site-post-title":"disabled","ast-breadcrumbs-content":"","ast-featured-img":"disabled","footer-sml-layout":"","theme-transparent-header-meta":"","adv-header-id-meta":"","stick-header-meta":"","header-above-stick-meta":"","header-main-stick-meta":"","header-below-stick-meta":"","astra-migrate-meta-layouts":"default","ast-page-background-enabled":"default","ast-page-background-meta":{"desktop":{"background-color":"var(--ast-global-color-5)","background-image":"","background-repeat":"repeat","background-position":"center center","background-size":"auto","background-attachment":"scroll","background-type":"","background-media":"","overlay-type":"","overlay-color":"","overlay-opacity":"","overlay-gradient":""},"tablet":{"background-color":"","background-image":"","background-repeat":"repeat","background-position":"center center","background-size":"auto","background-attachment":"scroll","background-type":"","background-media":"","overlay-type":"","overlay-color":"","overlay-opacity":"","overlay-gradient":""},"mobile":{"background-color":"","background-image":"","background-repeat":"repeat","background-position":"center center","background-size":"auto","background-attachment":"scroll","background-type":"","background-media":"","overlay-type":"","overlay-color":"","overlay-opacity":"","overlay-gradient":""}},"ast-content-background-meta":{"desktop":{"background-color":"var(--ast-global-color-4)","background-image":"","background-repeat":"repeat","background-position":"center center","background-size":"auto","background-attachment":"scroll","background-type":"","background-media":"","overlay-type":"","overlay-color":"","overlay-opacity":"","overlay-gradient":""},"tablet":{"background-color":"var(--ast-global-color-4)","background-image":"","background-repeat":"repeat","background-position":"center center","background-size":"auto","background-attachment":"scroll","background-type":"","background-media":"","overlay-type":"","overlay-color":"","overlay-opacity":"","overlay-gradient":""},"mobile":{"background-color":"var(--ast-global-color-4)","background-image":"","background-repeat":"repeat","background-position":"center center","background-size":"auto","background-attachment":"scroll","background-type":"","background-media":"","overlay-type":"","overlay-color":"","overlay-opacity":"","overlay-gradient":""}},"footnotes":""},"class_list":["post-276","page","type-page","status-publish","hentry"],"yoast_head":"<!-- This site is optimized with the Yoast SEO plugin v25.2 - https:\/\/yoast.com\/wordpress\/plugins\/seo\/ -->\n<title>Sobre Nosotros | Carpinter\u00eda Serrano Hijo (Carpinter\u00eda en Badajoz)<\/title>\n<meta name=\"description\" content=\"Conoce a Carpinter\u00eda Serrano Hijo, taller familiar de carpinter\u00eda en Cortes de Pelea. Experiencia, trato cercano y trabajo artesanal.\" \/>\n<meta name=\"robots\" content=\"index, follow, max-snippet:-1, max-image-preview:large, max-video-preview:-1\" \/>\n<link rel=\"canonical\" href=\"https:\/\/carpinterocortesdepelea.com.es\/en\/sobre-nosotros\/\" \/>\n<meta property=\"og:locale\" content=\"en_US\" \/>\n<meta property=\"og:type\" content=\"article\" \/>\n<meta property=\"og:title\" content=\"Sobre Nosotros | Carpinter\u00eda Serrano Hijo (Carpinter\u00eda en Badajoz)\" \/>\n<meta property=\"og:description\" content=\"Conoce a Carpinter\u00eda Serrano Hijo, taller familiar de carpinter\u00eda en Cortes de Pelea. Experiencia, trato cercano y trabajo artesanal.\" \/>\n<meta property=\"og:url\" content=\"https:\/\/carpinterocortesdepelea.com.es\/en\/sobre-nosotros\/\" \/>\n<meta property=\"og:site_name\" content=\"CARPINTER\u00cdA Serrano Hijo\" \/>\n<meta property=\"article:modified_time\" content=\"2025-05-29T10:18:07+00:00\" \/>\n<meta property=\"og:image\" content=\"https:\/\/carpinterocortesdepelea.com.es\/wp-content\/uploads\/2025\/05\/173211441-3016070628621356-1192027020417706221-n-e1748442785156.jpg\" \/>\n\t<meta property=\"og:image:width\" content=\"883\" \/>\n\t<meta property=\"og:image:height\" content=\"670\" \/>\n\t<meta property=\"og:image:type\" content=\"image\/jpeg\" \/>\n<meta name=\"twitter:card\" content=\"summary_large_image\" \/>\n<meta name=\"twitter:label1\" content=\"Est. reading time\" \/>\n\t<meta name=\"twitter:data1\" content=\"2 minutes\" \/>\n<script type=\"application\/ld+json\" class=\"yoast-schema-graph\">{\"@context\":\"https:\/\/schema.org\",\"@graph\":[{\"@type\":\"WebPage\",\"@id\":\"https:\/\/carpinterocortesdepelea.com.es\/sobre-nosotros\/\",\"url\":\"https:\/\/carpinterocortesdepelea.com.es\/sobre-nosotros\/\",\"name\":\"Sobre Nosotros | Carpinter\u00eda Serrano Hijo (Carpinter\u00eda en Badajoz)\",\"isPartOf\":{\"@id\":\"https:\/\/carpinterocortesdepelea.com.es\/#website\"},\"primaryImageOfPage\":{\"@id\":\"https:\/\/carpinterocortesdepelea.com.es\/sobre-nosotros\/#primaryimage\"},\"image\":{\"@id\":\"https:\/\/carpinterocortesdepelea.com.es\/sobre-nosotros\/#primaryimage\"},\"thumbnailUrl\":\"https:\/\/carpinterocortesdepelea.com.es\/wp-content\/uploads\/2025\/05\/173211441-3016070628621356-1192027020417706221-n-e1748442785156.jpg\",\"datePublished\":\"2025-03-14T09:53:42+00:00\",\"dateModified\":\"2025-05-29T10:18:07+00:00\",\"description\":\"Conoce a Carpinter\u00eda Serrano Hijo, taller familiar de carpinter\u00eda en Cortes de Pelea. Experiencia, trato cercano y trabajo artesanal.\",\"breadcrumb\":{\"@id\":\"https:\/\/carpinterocortesdepelea.com.es\/sobre-nosotros\/#breadcrumb\"},\"inLanguage\":\"en-US\",\"potentialAction\":[{\"@type\":\"ReadAction\",\"target\":[\"https:\/\/carpinterocortesdepelea.com.es\/sobre-nosotros\/\"]}]},{\"@type\":\"ImageObject\",\"inLanguage\":\"en-US\",\"@id\":\"https:\/\/carpinterocortesdepelea.com.es\/sobre-nosotros\/#primaryimage\",\"url\":\"https:\/\/carpinterocortesdepelea.com.es\/wp-content\/uploads\/2025\/05\/173211441-3016070628621356-1192027020417706221-n-e1748442785156.jpg\",\"contentUrl\":\"https:\/\/carpinterocortesdepelea.com.es\/wp-content\/uploads\/2025\/05\/173211441-3016070628621356-1192027020417706221-n-e1748442785156.jpg\"},{\"@type\":\"BreadcrumbList\",\"@id\":\"https:\/\/carpinterocortesdepelea.com.es\/sobre-nosotros\/#breadcrumb\",\"itemListElement\":[{\"@type\":\"ListItem\",\"position\":1,\"name\":\"Portada\",\"item\":\"https:\/\/carpinterocortesdepelea.com.es\/\"},{\"@type\":\"ListItem\",\"position\":2,\"name\":\"Sobre Nosotros\"}]},{\"@type\":\"WebSite\",\"@id\":\"https:\/\/carpinterocortesdepelea.com.es\/#website\",\"url\":\"https:\/\/carpinterocortesdepelea.com.es\/\",\"name\":\"CARPINTER\u00cdA Serrano Hijo\",\"description\":\"\",\"potentialAction\":[{\"@type\":\"SearchAction\",\"target\":{\"@type\":\"EntryPoint\",\"urlTemplate\":\"https:\/\/carpinterocortesdepelea.com.es\/?s={search_term_string}\"},\"query-input\":{\"@type\":\"PropertyValueSpecification\",\"valueRequired\":true,\"valueName\":\"search_term_string\"}}],\"inLanguage\":\"en-US\"}]}<\/script>\n<!-- \/ Yoast SEO plugin. -->","yoast_head_json":{"title":"Sobre Nosotros | Carpinter\u00eda Serrano Hijo (Carpinter\u00eda en Badajoz)","description":"Conoce a Carpinter\u00eda Serrano Hijo, taller familiar de carpinter\u00eda en Cortes de Pelea. Experiencia, trato cercano y trabajo artesanal.","robots":{"index":"index","follow":"follow","max-snippet":"max-snippet:-1","max-image-preview":"max-image-preview:large","max-video-preview":"max-video-preview:-1"},"canonical":"https:\/\/carpinterocortesdepelea.com.es\/en\/sobre-nosotros\/","og_locale":"en_US","og_type":"article","og_title":"Sobre Nosotros | Carpinter\u00eda Serrano Hijo (Carpinter\u00eda en Badajoz)","og_description":"Conoce a Carpinter\u00eda Serrano Hijo, taller familiar de carpinter\u00eda en Cortes de Pelea. Experiencia, trato cercano y trabajo artesanal.","og_url":"https:\/\/carpinterocortesdepelea.com.es\/en\/sobre-nosotros\/","og_site_name":"CARPINTER\u00cdA Serrano Hijo","article_modified_time":"2025-05-29T10:18:07+00:00","og_image":[{"width":883,"height":670,"url":"https:\/\/carpinterocortesdepelea.com.es\/wp-content\/uploads\/2025\/05\/173211441-3016070628621356-1192027020417706221-n-e1748442785156.jpg","type":"image\/jpeg"}],"twitter_card":"summary_large_image","twitter_misc":{"Est. reading time":"2 minutes"},"schema":{"@context":"https:\/\/schema.org","@graph":[{"@type":"WebPage","@id":"https:\/\/carpinterocortesdepelea.com.es\/sobre-nosotros\/","url":"https:\/\/carpinterocortesdepelea.com.es\/sobre-nosotros\/","name":"Sobre Nosotros | Carpinter\u00eda Serrano Hijo (Carpinter\u00eda en Badajoz)","isPartOf":{"@id":"https:\/\/carpinterocortesdepelea.com.es\/#website"},"primaryImageOfPage":{"@id":"https:\/\/carpinterocortesdepelea.com.es\/sobre-nosotros\/#primaryimage"},"image":{"@id":"https:\/\/carpinterocortesdepelea.com.es\/sobre-nosotros\/#primaryimage"},"thumbnailUrl":"https:\/\/carpinterocortesdepelea.com.es\/wp-content\/uploads\/2025\/05\/173211441-3016070628621356-1192027020417706221-n-e1748442785156.jpg","datePublished":"2025-03-14T09:53:42+00:00","dateModified":"2025-05-29T10:18:07+00:00","description":"Conoce a Carpinter\u00eda Serrano Hijo, taller familiar de carpinter\u00eda en Cortes de Pelea. Experiencia, trato cercano y trabajo artesanal.","breadcrumb":{"@id":"https:\/\/carpinterocortesdepelea.com.es\/sobre-nosotros\/#breadcrumb"},"inLanguage":"en-US","potentialAction":[{"@type":"ReadAction","target":["https:\/\/carpinterocortesdepelea.com.es\/sobre-nosotros\/"]}]},{"@type":"ImageObject","inLanguage":"en-US","@id":"https:\/\/carpinterocortesdepelea.com.es\/sobre-nosotros\/#primaryimage","url":"https:\/\/carpinterocortesdepelea.com.es\/wp-content\/uploads\/2025\/05\/173211441-3016070628621356-1192027020417706221-n-e1748442785156.jpg","contentUrl":"https:\/\/carpinterocortesdepelea.com.es\/wp-content\/uploads\/2025\/05\/173211441-3016070628621356-1192027020417706221-n-e1748442785156.jpg"},{"@type":"BreadcrumbList","@id":"https:\/\/carpinterocortesdepelea.com.es\/sobre-nosotros\/#breadcrumb","itemListElement":[{"@type":"ListItem","position":1,"name":"Portada","item":"https:\/\/carpinterocortesdepelea.com.es\/"},{"@type":"ListItem","position":2,"name":"Sobre Nosotros"}]},{"@type":"WebSite","@id":"https:\/\/carpinterocortesdepelea.com.es\/#website","url":"https:\/\/carpinterocortesdepelea.com.es\/","name":"CARPINTER\u00cdA Serrano Hijo","description":"","potentialAction":[{"@type":"SearchAction","target":{"@type":"EntryPoint","urlTemplate":"https:\/\/carpinterocortesdepelea.com.es\/?s={search_term_string}"},"query-input":{"@type":"PropertyValueSpecification","valueRequired":true,"valueName":"search_term_string"}}],"inLanguage":"en-US"}]}},"_links":{"self":[{"href":"https:\/\/carpinterocortesdepelea.com.es\/en\/wp-json\/wp\/v2\/pages\/276","targetHints":{"allow":["GET"]}}],"collection":[{"href":"https:\/\/carpinterocortesdepelea.com.es\/en\/wp-json\/wp\/v2\/pages"}],"about":[{"href":"https:\/\/carpinterocortesdepelea.com.es\/en\/wp-json\/wp\/v2\/types\/page"}],"author":[{"embeddable":true,"href":"https:\/\/carpinterocortesdepelea.com.es\/en\/wp-json\/wp\/v2\/users\/2"}],"replies":[{"embeddable":true,"href":"https:\/\/carpinterocortesdepelea.com.es\/en\/wp-json\/wp\/v2\/comments?post=276"}],"version-history":[{"count":13,"href":"https:\/\/carpinterocortesdepelea.com.es\/en\/wp-json\/wp\/v2\/pages\/276\/revisions"}],"predecessor-version":[{"id":1236,"href":"https:\/\/carpinterocortesdepelea.com.es\/en\/wp-json\/wp\/v2\/pages\/276\/revisions\/1236"}],"wp:attachment":[{"href":"https:\/\/carpinterocortesdepelea.com.es\/en\/wp-json\/wp\/v2\/media?parent=276"}],"curies":[{"name":"wp","href":"https:\/\/api.w.org\/{rel}","templated":true}]}}