{"id":1224,"date":"2025-05-29T09:15:42","date_gmt":"2025-05-29T09:15:42","guid":{"rendered":"https:\/\/carpinterocortesdepelea.com.es\/?page_id=1224"},"modified":"2025-05-30T11:21:27","modified_gmt":"2025-05-30T11:21:27","slug":"privacidad-de-datos","status":"publish","type":"page","link":"https:\/\/carpinterocortesdepelea.com.es\/en\/privacidad-de-datos\/","title":{"rendered":"Privacidad de Datos"},"content":{"rendered":"<p><strong>Carpinter\u00eda Serrano Hijo<\/strong>, con domicilio en <strong>Calle Conquistadores n\u00ba32, 06196 Corte de Peleas, Badajoz, Espa\u00f1a<\/strong>, correo electr\u00f3nico: <strong><a>car.serrano@hotmail.com<\/a><\/strong>, tel\u00e9fono: <strong>609 323 217<\/strong>, se compromete a proteger su privacidad. Esta Pol\u00edtica de Privacidad describe c\u00f3mo recopilamos, usamos y divulgamos su informaci\u00f3n cuando utiliza nuestro sitio web <strong><a class=\"\" href=\"https:\/\/carpinterocortesdepelea.com.es\/en\/\">https:\/\/carpinterocortesdepelea.com.es<\/a><\/strong>. Al acceder o utilizar el Servicio, usted acepta la recopilaci\u00f3n, uso y divulgaci\u00f3n de su informaci\u00f3n seg\u00fan lo establecido en esta Pol\u00edtica de Privacidad. Si no est\u00e1 de acuerdo, por favor no acceda ni use el Servicio.<\/p>\n\n\n\n<h3 class=\"wp-block-heading\">Modificaciones a la Pol\u00edtica de Privacidad<\/h3>\n\n\n\n<p>Podemos modificar esta Pol\u00edtica de Privacidad en cualquier momento sin previo aviso y publicaremos la Pol\u00edtica de Privacidad revisada en el Servicio. La Pol\u00edtica revisada ser\u00e1 efectiva 180 d\u00edas despu\u00e9s de su publicaci\u00f3n en el Servicio, y su acceso o uso continuado del Servicio tras ese plazo constituir\u00e1 su aceptaci\u00f3n de la Pol\u00edtica de Privacidad revisada. Por lo tanto, recomendamos que revise peri\u00f3dicamente esta p\u00e1gina.<\/p>\n\n\n\n<h3 class=\"wp-block-heading\">C\u00f3mo utilizamos su informaci\u00f3n<\/h3>\n\n\n\n<p>Utilizaremos la informaci\u00f3n que recopilamos sobre usted para los siguientes fines:<\/p>\n\n\n\n<ul class=\"wp-block-list\">\n<li>Marketing\/Promociones<\/li>\n\n\n\n<li>Procesamiento de pagos<\/li>\n\n\n\n<li>Soporte<\/li>\n<\/ul>\n\n\n\n<p>Si deseamos usar su informaci\u00f3n para cualquier otro prop\u00f3sito, solicitaremos su consentimiento y usaremos su informaci\u00f3n \u00fanicamente al recibir su consentimiento y solo para el prop\u00f3sito o prop\u00f3sitos para los que otorg\u00f3 dicho consentimiento, salvo que la ley nos exija lo contrario.<\/p>\n\n\n\n<h3 class=\"wp-block-heading\">Sus derechos<\/h3>\n\n\n\n<p>Dependiendo de la legislaci\u00f3n aplicable, puede tener derecho a acceder y rectificar o eliminar sus datos personales, recibir una copia de sus datos personales, restringir u oponerse al tratamiento activo de sus datos, solicitarnos compartir (portar) su informaci\u00f3n personal con otra entidad, retirar cualquier consentimiento que nos haya dado para procesar sus datos, el derecho a presentar una queja ante una autoridad reguladora y otros derechos relevantes seg\u00fan las leyes aplicables. Para ejercer estos derechos, puede escribirnos a <strong><a>car.serrano@hotmail.com<\/a><\/strong>. Responderemos a su solicitud conforme a la ley aplicable.<\/p>\n\n\n\n<p>Tenga en cuenta que si no nos permite recopilar o procesar la informaci\u00f3n personal requerida o retira el consentimiento para procesar la misma con los fines requeridos, es posible que no pueda acceder o utilizar los servicios para los cuales se solicit\u00f3 su informaci\u00f3n.<\/p>\n\n\n\n<h3 class=\"wp-block-heading\">Cookies y tecnolog\u00edas similares<\/h3>\n\n\n\n<p>Para obtener m\u00e1s informaci\u00f3n sobre c\u00f3mo utilizamos estas tecnolog\u00edas y sus opciones al respecto, consulte nuestra Pol\u00edtica de Cookies.<\/p>\n\n\n\n<h3 class=\"wp-block-heading\">Seguridad<\/h3>\n\n\n\n<p>La seguridad de su informaci\u00f3n es importante para nosotros y utilizaremos medidas de seguridad razonables para prevenir la p\u00e9rdida, mal uso o alteraci\u00f3n no autorizada de su informaci\u00f3n bajo nuestro control. Sin embargo, debido a los riesgos inherentes, no podemos garantizar una seguridad absoluta y, en consecuencia, no podemos asegurar ni garantizar la seguridad de ninguna informaci\u00f3n que nos transmita; cualquier transmisi\u00f3n se realiza bajo su propio riesgo.<\/p>\n\n\n\n<h3 class=\"wp-block-heading\">Responsable de Protecci\u00f3n de Datos \/ Quejas<\/h3>\n\n\n\n<p>Si tiene alguna consulta o inquietud sobre el procesamiento de su informaci\u00f3n que est\u00e1 disponible con nosotros, puede enviar un correo electr\u00f3nico a nuestro responsable de atenci\u00f3n, <strong>Carpinter\u00eda Serrano Hijo<\/strong>, al correo electr\u00f3nico: <strong><a>car.serrano@hotmail.com<\/a><\/strong>. Abordaremos sus inquietudes conforme a la ley aplicable.<\/p>","protected":false},"excerpt":{"rendered":"<p>Carpinter\u00eda Serrano Hijo, con domicilio en Calle Conquistadores n\u00ba32, 06196 Corte de Peleas, Badajoz, Espa\u00f1a, correo electr\u00f3nico: car.serrano@hotmail.com, tel\u00e9fono: 609 [&hellip;]<\/p>","protected":false},"author":2,"featured_media":0,"parent":0,"menu_order":0,"comment_status":"closed","ping_status":"closed","template":"","meta":{"site-sidebar-layout":"default","site-content-layout":"","ast-site-content-layout":"","site-content-style":"default","site-sidebar-style":"default","ast-global-header-display":"","ast-banner-title-visibility":"","ast-main-header-display":"","ast-hfb-above-header-display":"","ast-hfb-below-header-display":"","ast-hfb-mobile-header-display":"","site-post-title":"","ast-breadcrumbs-content":"","ast-featured-img":"","footer-sml-layout":"","theme-transparent-header-meta":"","adv-header-id-meta":"","stick-header-meta":"","header-above-stick-meta":"","header-main-stick-meta":"","header-below-stick-meta":"","astra-migrate-meta-layouts":"default","ast-page-background-enabled":"default","ast-page-background-meta":{"desktop":{"background-color":"var(--ast-global-color-5)","background-image":"","background-repeat":"repeat","background-position":"center center","background-size":"auto","background-attachment":"scroll","background-type":"","background-media":"","overlay-type":"","overlay-color":"","overlay-opacity":"","overlay-gradient":""},"tablet":{"background-color":"","background-image":"","background-repeat":"repeat","background-position":"center center","background-size":"auto","background-attachment":"scroll","background-type":"","background-media":"","overlay-type":"","overlay-color":"","overlay-opacity":"","overlay-gradient":""},"mobile":{"background-color":"","background-image":"","background-repeat":"repeat","background-position":"center center","background-size":"auto","background-attachment":"scroll","background-type":"","background-media":"","overlay-type":"","overlay-color":"","overlay-opacity":"","overlay-gradient":""}},"ast-content-background-meta":{"desktop":{"background-color":"var(--ast-global-color-4)","background-image":"","background-repeat":"repeat","background-position":"center center","background-size":"auto","background-attachment":"scroll","background-type":"","background-media":"","overlay-type":"","overlay-color":"","overlay-opacity":"","overlay-gradient":""},"tablet":{"background-color":"var(--ast-global-color-4)","background-image":"","background-repeat":"repeat","background-position":"center center","background-size":"auto","background-attachment":"scroll","background-type":"","background-media":"","overlay-type":"","overlay-color":"","overlay-opacity":"","overlay-gradient":""},"mobile":{"background-color":"var(--ast-global-color-4)","background-image":"","background-repeat":"repeat","background-position":"center center","background-size":"auto","background-attachment":"scroll","background-type":"","background-media":"","overlay-type":"","overlay-color":"","overlay-opacity":"","overlay-gradient":""}},"footnotes":""},"class_list":["post-1224","page","type-page","status-publish","hentry"],"yoast_head":"<!-- This site is optimized with the Yoast SEO plugin v25.2 - https:\/\/yoast.com\/wordpress\/plugins\/seo\/ -->\n<title>Privacidad de Datos - CARPINTER\u00cdA Serrano Hijo<\/title>\n<meta name=\"robots\" content=\"noindex, nofollow\" \/>\n<meta property=\"og:locale\" content=\"en_US\" \/>\n<meta property=\"og:type\" content=\"article\" \/>\n<meta property=\"og:title\" content=\"Privacidad de Datos - CARPINTER\u00cdA Serrano Hijo\" \/>\n<meta property=\"og:description\" content=\"Carpinter\u00eda Serrano Hijo, con domicilio en Calle Conquistadores n\u00ba32, 06196 Corte de Peleas, Badajoz, Espa\u00f1a, correo electr\u00f3nico: car.serrano@hotmail.com, tel\u00e9fono: 609 [&hellip;]\" \/>\n<meta property=\"og:url\" content=\"https:\/\/carpinterocortesdepelea.com.es\/en\/privacidad-de-datos\/\" \/>\n<meta property=\"og:site_name\" content=\"CARPINTER\u00cdA Serrano Hijo\" \/>\n<meta property=\"article:modified_time\" content=\"2025-05-30T11:21:27+00:00\" \/>\n<meta name=\"twitter:card\" content=\"summary_large_image\" \/>\n<meta name=\"twitter:label1\" content=\"Est. reading time\" \/>\n\t<meta name=\"twitter:data1\" content=\"3 minutes\" \/>\n<script type=\"application\/ld+json\" class=\"yoast-schema-graph\">{\"@context\":\"https:\/\/schema.org\",\"@graph\":[{\"@type\":\"WebPage\",\"@id\":\"https:\/\/carpinterocortesdepelea.com.es\/privacidad-de-datos\/\",\"url\":\"https:\/\/carpinterocortesdepelea.com.es\/privacidad-de-datos\/\",\"name\":\"Privacidad de Datos - CARPINTER\u00cdA Serrano Hijo\",\"isPartOf\":{\"@id\":\"https:\/\/carpinterocortesdepelea.com.es\/#website\"},\"datePublished\":\"2025-05-29T09:15:42+00:00\",\"dateModified\":\"2025-05-30T11:21:27+00:00\",\"breadcrumb\":{\"@id\":\"https:\/\/carpinterocortesdepelea.com.es\/privacidad-de-datos\/#breadcrumb\"},\"inLanguage\":\"en-US\",\"potentialAction\":[{\"@type\":\"ReadAction\",\"target\":[\"https:\/\/carpinterocortesdepelea.com.es\/privacidad-de-datos\/\"]}]},{\"@type\":\"BreadcrumbList\",\"@id\":\"https:\/\/carpinterocortesdepelea.com.es\/privacidad-de-datos\/#breadcrumb\",\"itemListElement\":[{\"@type\":\"ListItem\",\"position\":1,\"name\":\"Portada\",\"item\":\"https:\/\/carpinterocortesdepelea.com.es\/\"},{\"@type\":\"ListItem\",\"position\":2,\"name\":\"Privacidad de Datos\"}]},{\"@type\":\"WebSite\",\"@id\":\"https:\/\/carpinterocortesdepelea.com.es\/#website\",\"url\":\"https:\/\/carpinterocortesdepelea.com.es\/\",\"name\":\"CARPINTER\u00cdA Serrano Hijo\",\"description\":\"\",\"potentialAction\":[{\"@type\":\"SearchAction\",\"target\":{\"@type\":\"EntryPoint\",\"urlTemplate\":\"https:\/\/carpinterocortesdepelea.com.es\/?s={search_term_string}\"},\"query-input\":{\"@type\":\"PropertyValueSpecification\",\"valueRequired\":true,\"valueName\":\"search_term_string\"}}],\"inLanguage\":\"en-US\"}]}<\/script>\n<!-- \/ Yoast SEO plugin. -->","yoast_head_json":{"title":"Privacidad de Datos - CARPINTER\u00cdA Serrano Hijo","robots":{"index":"noindex","follow":"nofollow"},"og_locale":"en_US","og_type":"article","og_title":"Privacidad de Datos - CARPINTER\u00cdA Serrano Hijo","og_description":"Carpinter\u00eda Serrano Hijo, con domicilio en Calle Conquistadores n\u00ba32, 06196 Corte de Peleas, Badajoz, Espa\u00f1a, correo electr\u00f3nico: car.serrano@hotmail.com, tel\u00e9fono: 609 [&hellip;]","og_url":"https:\/\/carpinterocortesdepelea.com.es\/en\/privacidad-de-datos\/","og_site_name":"CARPINTER\u00cdA Serrano Hijo","article_modified_time":"2025-05-30T11:21:27+00:00","twitter_card":"summary_large_image","twitter_misc":{"Est. reading time":"3 minutes"},"schema":{"@context":"https:\/\/schema.org","@graph":[{"@type":"WebPage","@id":"https:\/\/carpinterocortesdepelea.com.es\/privacidad-de-datos\/","url":"https:\/\/carpinterocortesdepelea.com.es\/privacidad-de-datos\/","name":"Privacidad de Datos - CARPINTER\u00cdA Serrano Hijo","isPartOf":{"@id":"https:\/\/carpinterocortesdepelea.com.es\/#website"},"datePublished":"2025-05-29T09:15:42+00:00","dateModified":"2025-05-30T11:21:27+00:00","breadcrumb":{"@id":"https:\/\/carpinterocortesdepelea.com.es\/privacidad-de-datos\/#breadcrumb"},"inLanguage":"en-US","potentialAction":[{"@type":"ReadAction","target":["https:\/\/carpinterocortesdepelea.com.es\/privacidad-de-datos\/"]}]},{"@type":"BreadcrumbList","@id":"https:\/\/carpinterocortesdepelea.com.es\/privacidad-de-datos\/#breadcrumb","itemListElement":[{"@type":"ListItem","position":1,"name":"Portada","item":"https:\/\/carpinterocortesdepelea.com.es\/"},{"@type":"ListItem","position":2,"name":"Privacidad de Datos"}]},{"@type":"WebSite","@id":"https:\/\/carpinterocortesdepelea.com.es\/#website","url":"https:\/\/carpinterocortesdepelea.com.es\/","name":"CARPINTER\u00cdA Serrano Hijo","description":"","potentialAction":[{"@type":"SearchAction","target":{"@type":"EntryPoint","urlTemplate":"https:\/\/carpinterocortesdepelea.com.es\/?s={search_term_string}"},"query-input":{"@type":"PropertyValueSpecification","valueRequired":true,"valueName":"search_term_string"}}],"inLanguage":"en-US"}]}},"_links":{"self":[{"href":"https:\/\/carpinterocortesdepelea.com.es\/en\/wp-json\/wp\/v2\/pages\/1224","targetHints":{"allow":["GET"]}}],"collection":[{"href":"https:\/\/carpinterocortesdepelea.com.es\/en\/wp-json\/wp\/v2\/pages"}],"about":[{"href":"https:\/\/carpinterocortesdepelea.com.es\/en\/wp-json\/wp\/v2\/types\/page"}],"author":[{"embeddable":true,"href":"https:\/\/carpinterocortesdepelea.com.es\/en\/wp-json\/wp\/v2\/users\/2"}],"replies":[{"embeddable":true,"href":"https:\/\/carpinterocortesdepelea.com.es\/en\/wp-json\/wp\/v2\/comments?post=1224"}],"version-history":[{"count":2,"href":"https:\/\/carpinterocortesdepelea.com.es\/en\/wp-json\/wp\/v2\/pages\/1224\/revisions"}],"predecessor-version":[{"id":1255,"href":"https:\/\/carpinterocortesdepelea.com.es\/en\/wp-json\/wp\/v2\/pages\/1224\/revisions\/1255"}],"wp:attachment":[{"href":"https:\/\/carpinterocortesdepelea.com.es\/en\/wp-json\/wp\/v2\/media?parent=1224"}],"curies":[{"name":"wp","href":"https:\/\/api.w.org\/{rel}","templated":true}]}}